{"id":3584,"date":"2018-09-21T16:46:21","date_gmt":"2018-09-21T14:46:21","guid":{"rendered":"https:\/\/www.chirurgie-josephinum.de\/impressum\/"},"modified":"2025-04-10T17:52:25","modified_gmt":"2025-04-10T15:52:25","slug":"imprint","status":"publish","type":"page","link":"https:\/\/www.chirurgie-josephinum.de\/en\/imprint\/","title":{"rendered":"Impressum"},"content":{"rendered":"\t\t<div data-elementor-type=\"wp-post\" data-elementor-id=\"3584\" class=\"elementor elementor-3584\" data-elementor-post-type=\"page\">\n\t\t\t\t\t\t<section class=\"elementor-section elementor-top-section elementor-element elementor-element-6c10174 elementor-section-full_width elementor-section-height-default elementor-section-height-default\" data-id=\"6c10174\" data-element_type=\"section\" data-settings=\"{&quot;background_background&quot;:&quot;classic&quot;,&quot;shape_divider_bottom&quot;:&quot;arrow&quot;,&quot;shape_divider_bottom_negative&quot;:&quot;yes&quot;}\">\n\t\t\t\t\t\t\t<div class=\"elementor-background-overlay\"><\/div>\n\t\t\t\t\t\t<div class=\"elementor-shape elementor-shape-bottom\" data-negative=\"true\">\n\t\t\t<svg xmlns=\"http:\/\/www.w3.org\/2000\/svg\" viewBox=\"0 0 700 10\" preserveAspectRatio=\"none\">\n\t<path class=\"elementor-shape-fill\" d=\"M360 0L350 9.9 340 0 0 0 0 10 700 10 700 0\"\/>\n<\/svg>\t\t<\/div>\n\t\t\t\t\t<div class=\"elementor-container elementor-column-gap-no\">\n\t\t\t\t\t<div class=\"elementor-column elementor-col-100 elementor-top-column elementor-element elementor-element-1b1ecdd\" data-id=\"1b1ecdd\" data-element_type=\"column\">\n\t\t\t<div class=\"elementor-widget-wrap elementor-element-populated\">\n\t\t\t\t\t\t<div class=\"elementor-element elementor-element-e86d633 elementor-widget elementor-widget-heading\" data-id=\"e86d633\" data-element_type=\"widget\" data-widget_type=\"heading.default\">\n\t\t\t\t<div class=\"elementor-widget-container\">\n\t\t\t\t\t<h1 class=\"elementor-heading-title elementor-size-default\">Imprint<\/h1>\t\t\t\t<\/div>\n\t\t\t\t<\/div>\n\t\t\t\t\t<\/div>\n\t\t<\/div>\n\t\t\t\t\t<\/div>\n\t\t<\/section>\n\t\t\t\t<section class=\"elementor-section elementor-top-section elementor-element elementor-element-cec0b92 warm-bg elementor-section-boxed elementor-section-height-default elementor-section-height-default\" data-id=\"cec0b92\" data-element_type=\"section\" data-settings=\"{&quot;background_background&quot;:&quot;classic&quot;}\">\n\t\t\t\t\t\t<div class=\"elementor-container elementor-column-gap-default\">\n\t\t\t\t\t<div class=\"elementor-column elementor-col-100 elementor-top-column elementor-element elementor-element-790e1ac\" data-id=\"790e1ac\" data-element_type=\"column\">\n\t\t\t<div class=\"elementor-widget-wrap elementor-element-populated\">\n\t\t\t\t\t\t<div class=\"elementor-element elementor-element-bdb09da elementor-widget elementor-widget-text-editor\" data-id=\"bdb09da\" data-element_type=\"widget\" data-widget_type=\"text-editor.default\">\n\t\t\t\t<div class=\"elementor-widget-container\">\n\t\t\t\t\t\t\t\t\t<h1>Information according to \u00a7 5 TMG<\/h1><p>Klinik Josephinum gAG<br \/>Sch\u00f6nfeldstrasse 16<br \/>80539 M\u00fcnchen<\/p><p>Handelsregister: HRB 204967<br \/>Registergericht: Amtsgericht M\u00fcnchen<\/p><p><strong>Vertreten durch den Vorstand:<\/strong><br \/>Dipl. Kaufmann Tilmann G\u00f6tzner<\/p><h2>Kontakt<\/h2><p>Telefon: 089\/236880<br \/>Telefax: 089\/23688580<br \/>E-Mail: info@josephinum.de<\/p><h2>Umsatzsteuer<\/h2><p>Umsatzsteuer-Identifikationsnummer gem\u00e4\u00df \u00a727 a Umsatzsteuergesetz:<br \/>DE 289 648 496<\/p><h2>Aufsichtsbeh\u00f6rde<\/h2><p>Kassen\u00e4rztliche Vereinigung Bayern<br \/>KVB M\u00fcnchen Stadt und Land<br \/>Eisenheimerstrasse 39<br \/>80687 M\u00fcnchen<\/p><p><a href=\"http:\/\/www.kvb.de\" target=\"_blank\" rel=\"noopener\">http:\/\/www.kvb.de<\/a><\/p><h2>Berufsbezeichnung und berufsrechtliche Regelungen<\/h2><p>Berufsbezeichnung: Arzt<br \/>Zust\u00e4ndige Kammer: Bayrische Landes\u00e4rztekammer<br \/>Verliehen durch: Bayern<br \/>Es gelten folgende berufsrechtliche Regelungen:<br \/>Regelungen einsehbar unter: <a href=\"http:\/\/www.blaek.de\" target=\"_blank\" rel=\"noopener\">http:\/\/www.blaek.de<\/a><\/p><h2>Angaben zur Berufshaftpflichtversicherung<\/h2><p><strong>Name und Sitz des Versicherers:<\/strong><br \/>Versicherer: R+V Allgemeine Versicherung AG, Wiesbaden\u00a0\u00fcber STAUN GmbH<\/p><p>Ansprechpartner STAUN : Frau Susanne Wienrich<\/p><p>Anschrift:<br \/>STAUN GmbH<br \/>Werner-Eckert-Stra\u00dfe 11<br \/>81829 M\u00fcnchen<\/p><p><strong>Geltungsraum der Versicherung:<\/strong><br \/>Deutschland<\/p><h2>Verantwortlich f\u00fcr den Inhalt nach \u00a7 55 Abs. 2 RStV<\/h2><p>Prof. Dr. Michael Kasparek &amp; Dr. Irmgard Weindl<br \/>MVZ im Josephinum<br \/>Sch\u00f6nfeldstrasse 16<br \/>80539 M\u00fcnchen<\/p><h2>Design &amp; Technische\u00a0Umsetzung:<\/h2><p><strong>twin Werbeagentur GmbH<\/strong><br \/>Wasserburgerlandstr. 200<br \/>81827 M\u00fcnchen<br \/>Deutschland<\/p><p>Tel: +49 (0)89 18904 31 0<br \/>Email: info@twin-gmbh.de<br \/>Web: <a href=\"https:\/\/www.twin-gmbh.de\" target=\"_blank\" rel=\"noopener\">www.twin-gmbh.de<\/a><\/p><h2>Streitschlichtung<\/h2><p>Die Europ\u00e4ische Kommission stellt eine Plattform zur Online-Streitbeilegung (OS) bereit: <a href=\"https:\/\/ec.europa.eu\/consumers\/odr\" target=\"_blank\" rel=\"noopener\">https:\/\/ec.europa.eu\/consumers\/odr<\/a>.<br \/>Unsere E-Mail-Adresse finden Sie oben im Impressum.<\/p><p>Wir sind nicht bereit oder verpflichtet, an Streitbeilegungsverfahren vor einer Verbraucherschlichtungsstelle teilzunehmen.<\/p><h3>Haftung f\u00fcr Inhalte<\/h3><p>Als Diensteanbieter sind wir gem\u00e4\u00df \u00a7 7 Abs.1 TMG f\u00fcr eigene Inhalte auf diesen Seiten nach den allgemeinen Gesetzen verantwortlich. Nach \u00a7\u00a7 8 bis 10 TMG sind wir als Diensteanbieter jedoch nicht verpflichtet, \u00fcbermittelte oder gespeicherte fremde Informationen zu \u00fcberwachen oder nach Umst\u00e4nden zu forschen, die auf eine rechtswidrige T\u00e4tigkeit hinweisen.<\/p><p>Verpflichtungen zur Entfernung oder Sperrung der Nutzung von Informationen nach den allgemeinen Gesetzen bleiben hiervon unber\u00fchrt. Eine diesbez\u00fcgliche Haftung ist jedoch erst ab dem Zeitpunkt der Kenntnis einer konkreten Rechtsverletzung m\u00f6glich. Bei Bekanntwerden von entsprechenden Rechtsverletzungen werden wir diese Inhalte umgehend entfernen.<\/p><h3>Haftung f\u00fcr Links<\/h3><p>Unser Angebot enth\u00e4lt Links zu externen Websites Dritter, auf deren Inhalte wir keinen Einfluss haben. Deshalb k\u00f6nnen wir f\u00fcr diese fremden Inhalte auch keine Gew\u00e4hr \u00fcbernehmen. F\u00fcr die Inhalte der verlinkten Seiten ist stets der jeweilige Anbieter oder Betreiber der Seiten verantwortlich. Die verlinkten Seiten wurden zum Zeitpunkt der Verlinkung auf m\u00f6gliche Rechtsverst\u00f6\u00dfe \u00fcberpr\u00fcft. Rechtswidrige Inhalte waren zum Zeitpunkt der Verlinkung nicht erkennbar.<\/p><p>Eine permanente inhaltliche Kontrolle der verlinkten Seiten ist jedoch ohne konkrete Anhaltspunkte einer Rechtsverletzung nicht zumutbar. Bei Bekanntwerden von Rechtsverletzungen werden wir derartige Links umgehend entfernen.<\/p><h3>Urheberrecht<\/h3><p>Die durch die Seitenbetreiber erstellten Inhalte und Werke auf diesen Seiten unterliegen dem deutschen Urheberrecht. Die Vervielf\u00e4ltigung, Bearbeitung, Verbreitung und jede Art der Verwertung au\u00dferhalb der Grenzen des Urheberrechtes bed\u00fcrfen der schriftlichen Zustimmung des jeweiligen Autors bzw. Erstellers. Downloads und Kopien dieser Seite sind nur f\u00fcr den privaten, nicht kommerziellen Gebrauch gestattet.<\/p><p>Soweit die Inhalte auf dieser Seite nicht vom Betreiber erstellt wurden, werden die Urheberrechte Dritter beachtet. Insbesondere werden Inhalte Dritter als solche gekennzeichnet. Sollten Sie trotzdem auf eine Urheberrechtsverletzung aufmerksam werden, bitten wir um einen entsprechenden Hinweis. Bei Bekanntwerden von Rechtsverletzungen werden wir derartige Inhalte umgehend entfernen.<\/p><p>Quelle: <a href=\"https:\/\/www.e-recht24.de\">eRecht24<\/a><\/p><h3>Quellenangaben f\u00fcr die verwendeten Bilder und Grafiken:<\/h3><p>\u00a9Tempura #687652586 \/ gettyimages.de<br \/>\u00a9JohnnyGreig #503765096 \/ gettyimages.de<br \/>\u00a9Ben-Schonewille #489733138 \/ gettyimages.de<br \/>\u00a9romaset #981992606 \/ gettyimages.de<br \/>\u00a9PhotoGraphyKM #157740922 \/ gettyimages.de<br \/>\u00a9Willowpix #181875131 \/ gettyimages.de<br \/>\u00a9Cara-Foto #178097846 \/ gettyimages.de<br \/>\u00a9alvarez #884646882 \/ gettyimages.de<br \/>\u00a9Oleksandr Bondar #27936643 \/ fotolia.com<br \/>\u00a9ag visuell #70356992 \/ fotolia.com<br \/>\u00a9selvanegra #646161486 \/ gettyimages.de<br \/>\u00a9selvanegra #1008436662 \/ gettyimages.de<br \/>\u00a9Sebastian Kaulitzki #130089581 \/ shutterstock.com<br \/>\u00a9Iryna Inshyna #1131832451 \/ shutterstock.com<br \/>\u00a9designua #59029592 \/ fotolia.com<br \/>\u00a9blueringmedia #83704743 \/ fotolia.com<br \/>\u00a9stranger28 #474832230 \/ gettyimages.de<br \/>\u00a9jarabee123 #544001622 \/ gettyimages.de<br \/>\u00a9ninuns #888976774 \/ gettyimages.de<\/p><p><strong>Fotograf:<\/strong> Anton Brandl<br \/><a href=\"http:\/\/antonbrandl.de\/\" target=\"_blank\" rel=\"noopener\">www.antonbrandl.de<\/a><br \/><a href=\"mailto:brandl.aj@t-online.de\" target=\"_blank\" rel=\"noopener\">brandl.aj@t-online.de<\/a><br \/>St.-Augustinus-Str. 40<br \/>81825 M\u00fcnchen<\/p>\t\t\t\t\t\t\t\t<\/div>\n\t\t\t\t<\/div>\n\t\t\t\t\t<\/div>\n\t\t<\/div>\n\t\t\t\t\t<\/div>\n\t\t<\/section>\n\t\t\t\t<\/div>\n\t\t","protected":false},"excerpt":{"rendered":"<p>Imprint Information according to \u00a7 5 TMG Klinik Josephinum gAGSch\u00f6nfeldstrasse 1680539 M\u00fcnchen Handelsregister: HRB 204967Registergericht: Amtsgericht M\u00fcnchen Vertreten durch den Vorstand:Dipl. Kaufmann Tilmann G\u00f6tzner Kontakt Telefon: 089\/236880Telefax: 089\/23688580E-Mail: info@josephinum.de Umsatzsteuer Umsatzsteuer-Identifikationsnummer gem\u00e4\u00df \u00a727 a Umsatzsteuergesetz:DE 289 648 496 Aufsichtsbeh\u00f6rde Kassen\u00e4rztliche Vereinigung BayernKVB M\u00fcnchen Stadt und LandEisenheimerstrasse 3980687 M\u00fcnchen http:\/\/www.kvb.de Berufsbezeichnung und berufsrechtliche Regelungen Berufsbezeichnung: ArztZust\u00e4ndige &hellip; <a href=\"https:\/\/www.chirurgie-josephinum.de\/en\/imprint\/\" class=\"more-link\">Continue reading<span class=\"screen-reader-text\"> &#8220;Impressum&#8221;<\/span><\/a><\/p>\n","protected":false},"author":1,"featured_media":0,"parent":0,"menu_order":0,"comment_status":"closed","ping_status":"closed","template":"elementor_header_footer","meta":{"footnotes":""},"class_list":["post-3584","page","type-page","status-publish","hentry"],"yoast_head":"<!-- This site is optimized with the Yoast SEO plugin v24.8.1 - https:\/\/yoast.com\/wordpress\/plugins\/seo\/ -->\n<title>Impressum - chirurgie-josephinum.de<\/title>\n<meta name=\"robots\" content=\"index, follow, max-snippet:-1, max-image-preview:large, max-video-preview:-1\" \/>\n<link rel=\"canonical\" href=\"https:\/\/www.chirurgie-josephinum.de\/en\/imprint\/\" \/>\n<meta property=\"og:locale\" content=\"en_US\" \/>\n<meta property=\"og:type\" content=\"article\" \/>\n<meta property=\"og:title\" content=\"Impressum - chirurgie-josephinum.de\" \/>\n<meta property=\"og:description\" content=\"Imprint Information according to \u00a7 5 TMG Klinik Josephinum gAGSch\u00f6nfeldstrasse 1680539 M\u00fcnchen Handelsregister: HRB 204967Registergericht: Amtsgericht M\u00fcnchen Vertreten durch den Vorstand:Dipl. Kaufmann Tilmann G\u00f6tzner Kontakt Telefon: 089\/236880Telefax: 089\/23688580E-Mail: info@josephinum.de Umsatzsteuer Umsatzsteuer-Identifikationsnummer gem\u00e4\u00df \u00a727 a Umsatzsteuergesetz:DE 289 648 496 Aufsichtsbeh\u00f6rde Kassen\u00e4rztliche Vereinigung BayernKVB M\u00fcnchen Stadt und LandEisenheimerstrasse 3980687 M\u00fcnchen http:\/\/www.kvb.de Berufsbezeichnung und berufsrechtliche Regelungen Berufsbezeichnung: ArztZust\u00e4ndige &hellip; Continue reading &quot;Impressum&quot;\" \/>\n<meta property=\"og:url\" content=\"https:\/\/www.chirurgie-josephinum.de\/en\/imprint\/\" \/>\n<meta property=\"og:site_name\" content=\"chirurgie-josephinum.de\" \/>\n<meta property=\"article:modified_time\" content=\"2025-04-10T15:52:25+00:00\" \/>\n<meta name=\"twitter:label1\" content=\"Est. reading time\" \/>\n\t<meta name=\"twitter:data1\" content=\"4 minutes\" \/>\n<script type=\"application\/ld+json\" class=\"yoast-schema-graph\">{\"@context\":\"https:\/\/schema.org\",\"@graph\":[{\"@type\":\"WebPage\",\"@id\":\"https:\/\/www.chirurgie-josephinum.de\/en\/imprint\/\",\"url\":\"https:\/\/www.chirurgie-josephinum.de\/en\/imprint\/\",\"name\":\"Impressum - chirurgie-josephinum.de\",\"isPartOf\":{\"@id\":\"https:\/\/www.chirurgie-josephinum.de\/#website\"},\"datePublished\":\"2018-09-21T14:46:21+00:00\",\"dateModified\":\"2025-04-10T15:52:25+00:00\",\"breadcrumb\":{\"@id\":\"https:\/\/www.chirurgie-josephinum.de\/en\/imprint\/#breadcrumb\"},\"inLanguage\":\"en-US\",\"potentialAction\":[{\"@type\":\"ReadAction\",\"target\":[\"https:\/\/www.chirurgie-josephinum.de\/en\/imprint\/\"]}]},{\"@type\":\"BreadcrumbList\",\"@id\":\"https:\/\/www.chirurgie-josephinum.de\/en\/imprint\/#breadcrumb\",\"itemListElement\":[{\"@type\":\"ListItem\",\"position\":1,\"name\":\"Startseite\",\"item\":\"https:\/\/www.chirurgie-josephinum.de\/en\/\"},{\"@type\":\"ListItem\",\"position\":2,\"name\":\"Impressum\"}]},{\"@type\":\"WebSite\",\"@id\":\"https:\/\/www.chirurgie-josephinum.de\/#website\",\"url\":\"https:\/\/www.chirurgie-josephinum.de\/\",\"name\":\"chirurgie-josephinum.de\",\"description\":\"\",\"potentialAction\":[{\"@type\":\"SearchAction\",\"target\":{\"@type\":\"EntryPoint\",\"urlTemplate\":\"https:\/\/www.chirurgie-josephinum.de\/?s={search_term_string}\"},\"query-input\":{\"@type\":\"PropertyValueSpecification\",\"valueRequired\":true,\"valueName\":\"search_term_string\"}}],\"inLanguage\":\"en-US\"}]}<\/script>\n<!-- \/ Yoast SEO plugin. -->","yoast_head_json":{"title":"Impressum - chirurgie-josephinum.de","robots":{"index":"index","follow":"follow","max-snippet":"max-snippet:-1","max-image-preview":"max-image-preview:large","max-video-preview":"max-video-preview:-1"},"canonical":"https:\/\/www.chirurgie-josephinum.de\/en\/imprint\/","og_locale":"en_US","og_type":"article","og_title":"Impressum - chirurgie-josephinum.de","og_description":"Imprint Information according to \u00a7 5 TMG Klinik Josephinum gAGSch\u00f6nfeldstrasse 1680539 M\u00fcnchen Handelsregister: HRB 204967Registergericht: Amtsgericht M\u00fcnchen Vertreten durch den Vorstand:Dipl. Kaufmann Tilmann G\u00f6tzner Kontakt Telefon: 089\/236880Telefax: 089\/23688580E-Mail: info@josephinum.de Umsatzsteuer Umsatzsteuer-Identifikationsnummer gem\u00e4\u00df \u00a727 a Umsatzsteuergesetz:DE 289 648 496 Aufsichtsbeh\u00f6rde Kassen\u00e4rztliche Vereinigung BayernKVB M\u00fcnchen Stadt und LandEisenheimerstrasse 3980687 M\u00fcnchen http:\/\/www.kvb.de Berufsbezeichnung und berufsrechtliche Regelungen Berufsbezeichnung: ArztZust\u00e4ndige &hellip; Continue reading \"Impressum\"","og_url":"https:\/\/www.chirurgie-josephinum.de\/en\/imprint\/","og_site_name":"chirurgie-josephinum.de","article_modified_time":"2025-04-10T15:52:25+00:00","twitter_misc":{"Est. reading time":"4 minutes"},"schema":{"@context":"https:\/\/schema.org","@graph":[{"@type":"WebPage","@id":"https:\/\/www.chirurgie-josephinum.de\/en\/imprint\/","url":"https:\/\/www.chirurgie-josephinum.de\/en\/imprint\/","name":"Impressum - chirurgie-josephinum.de","isPartOf":{"@id":"https:\/\/www.chirurgie-josephinum.de\/#website"},"datePublished":"2018-09-21T14:46:21+00:00","dateModified":"2025-04-10T15:52:25+00:00","breadcrumb":{"@id":"https:\/\/www.chirurgie-josephinum.de\/en\/imprint\/#breadcrumb"},"inLanguage":"en-US","potentialAction":[{"@type":"ReadAction","target":["https:\/\/www.chirurgie-josephinum.de\/en\/imprint\/"]}]},{"@type":"BreadcrumbList","@id":"https:\/\/www.chirurgie-josephinum.de\/en\/imprint\/#breadcrumb","itemListElement":[{"@type":"ListItem","position":1,"name":"Startseite","item":"https:\/\/www.chirurgie-josephinum.de\/en\/"},{"@type":"ListItem","position":2,"name":"Impressum"}]},{"@type":"WebSite","@id":"https:\/\/www.chirurgie-josephinum.de\/#website","url":"https:\/\/www.chirurgie-josephinum.de\/","name":"chirurgie-josephinum.de","description":"","potentialAction":[{"@type":"SearchAction","target":{"@type":"EntryPoint","urlTemplate":"https:\/\/www.chirurgie-josephinum.de\/?s={search_term_string}"},"query-input":{"@type":"PropertyValueSpecification","valueRequired":true,"valueName":"search_term_string"}}],"inLanguage":"en-US"}]}},"_links":{"self":[{"href":"https:\/\/www.chirurgie-josephinum.de\/en\/wp-json\/wp\/v2\/pages\/3584","targetHints":{"allow":["GET"]}}],"collection":[{"href":"https:\/\/www.chirurgie-josephinum.de\/en\/wp-json\/wp\/v2\/pages"}],"about":[{"href":"https:\/\/www.chirurgie-josephinum.de\/en\/wp-json\/wp\/v2\/types\/page"}],"author":[{"embeddable":true,"href":"https:\/\/www.chirurgie-josephinum.de\/en\/wp-json\/wp\/v2\/users\/1"}],"replies":[{"embeddable":true,"href":"https:\/\/www.chirurgie-josephinum.de\/en\/wp-json\/wp\/v2\/comments?post=3584"}],"version-history":[{"count":9,"href":"https:\/\/www.chirurgie-josephinum.de\/en\/wp-json\/wp\/v2\/pages\/3584\/revisions"}],"predecessor-version":[{"id":5143,"href":"https:\/\/www.chirurgie-josephinum.de\/en\/wp-json\/wp\/v2\/pages\/3584\/revisions\/5143"}],"wp:attachment":[{"href":"https:\/\/www.chirurgie-josephinum.de\/en\/wp-json\/wp\/v2\/media?parent=3584"}],"curies":[{"name":"wp","href":"https:\/\/api.w.org\/{rel}","templated":true}]}}